{"id":9,"date":"2020-09-28T06:43:31","date_gmt":"2020-09-28T06:43:31","guid":{"rendered":"https:\/\/fiberrecycling.com\/?page_id=9"},"modified":"2020-10-09T02:53:03","modified_gmt":"2020-10-09T02:53:03","slug":"about-us","status":"publish","type":"page","link":"https:\/\/fiberrecycling.com\/fr\/about-us\/","title":{"rendered":"\u00c0 propos de nous"},"content":{"rendered":"<div data-elementor-type=\"wp-page\" data-elementor-id=\"9\" class=\"elementor elementor-9\" data-elementor-post-type=\"page\"> \t\t\t\t\t\t<section class=\"elementor-section elementor-top-section elementor-element elementor-element-0ea7830 elementor-section-full_width elementor-section-height-min-height elementor-section-height-default elementor-section-items-middle\" data-id=\"0ea7830\" data-element_type=\"section\" data-e-type=\"section\" data-settings=\"{&quot;background_background&quot;:&quot;classic&quot;}\"> \t\t\t\t\t\t<div class=\"elementor-container elementor-column-gap-default\"> \t\t\t\t\t<div class=\"elementor-column elementor-col-100 elementor-top-column elementor-element elementor-element-930060c\" data-id=\"930060c\" data-element_type=\"column\" data-e-type=\"column\"> \t\t\t<div class=\"elementor-widget-wrap elementor-element-populated\"> \t\t\t\t\t\t<div class=\"elementor-element elementor-element-c51f7c5 elementor-widget elementor-widget-heading\" data-id=\"c51f7c5\" data-element_type=\"widget\" data-e-type=\"widget\" data-widget_type=\"heading.default\"> \t\t\t\t\t<h2 class=\"elementor-heading-title elementor-size-default\">\u00c0 propos de Shuliy<\/h2>\t\t\t\t<\/div> \t\t\t\t<div class=\"elementor-element elementor-element-1da3b4f elementor-widget elementor-widget-text-editor\" data-id=\"1da3b4f\" data-element_type=\"widget\" data-e-type=\"widget\" data-widget_type=\"text-editor.default\"> \t\t\t\t\t\t\t\t\t<p>Salut! Nous sommes une \u00e9quipe d\u00e9vou\u00e9e et sympathique de professionnels offrant les meilleurs produits et exp\u00e9riences.<\/p>\t\t\t\t\t\t\t\t<\/div> \t\t\t\t\t<\/div> \t\t<\/div> \t\t\t\t\t<\/div> \t\t<\/section> \t\t\t\t<section class=\"elementor-section elementor-top-section elementor-element elementor-element-263c3bf elementor-section-boxed elementor-section-height-default elementor-section-height-default\" data-id=\"263c3bf\" data-element_type=\"section\" data-e-type=\"section\"> \t\t\t\t\t\t<div class=\"elementor-container elementor-column-gap-default\"> \t\t\t\t\t<div class=\"elementor-column elementor-col-100 elementor-top-column elementor-element elementor-element-572f2ed\" data-id=\"572f2ed\" data-element_type=\"column\" data-e-type=\"column\"> \t\t\t<div class=\"elementor-widget-wrap elementor-element-populated\"> \t\t\t\t\t\t<div class=\"elementor-element elementor-element-55041de elementor-widget elementor-widget-image\" data-id=\"55041de\" data-element_type=\"widget\" data-e-type=\"widget\" data-widget_type=\"image.default\"> \t\t\t\t\t\t\t\t\t\t\t\t\t\t\t<img fetchpriority=\"high\" decoding=\"async\" width=\"800\" height=\"534\" src=\"https:\/\/fiberrecycling.com\/wp-content\/uploads\/2020\/10\/IMG_9037-1024x683.jpg\" class=\"attachment-large size-large wp-image-229\" alt=\"\" srcset=\"https:\/\/fiberrecycling.com\/wp-content\/uploads\/2020\/10\/IMG_9037-1024x683.jpg 1024w, https:\/\/fiberrecycling.com\/wp-content\/uploads\/2020\/10\/IMG_9037-300x200.jpg 300w, https:\/\/fiberrecycling.com\/wp-content\/uploads\/2020\/10\/IMG_9037-768x512.jpg 768w, https:\/\/fiberrecycling.com\/wp-content\/uploads\/2020\/10\/IMG_9037-1536x1024.jpg 1536w, https:\/\/fiberrecycling.com\/wp-content\/uploads\/2020\/10\/IMG_9037-2048x1365.jpg 2048w\" sizes=\"(max-width: 800px) 100vw, 800px\" \/>\t\t\t\t\t\t\t\t\t\t\t\t\t\t\t<\/div> \t\t\t\t<section class=\"elementor-section elementor-inner-section elementor-element elementor-element-c2d7e3a elementor-section-boxed elementor-section-height-default elementor-section-height-default\" data-id=\"c2d7e3a\" data-element_type=\"section\" data-e-type=\"section\"> \t\t\t\t\t\t<div class=\"elementor-container elementor-column-gap-default\"> \t\t\t\t\t<div class=\"elementor-column elementor-col-100 elementor-inner-column elementor-element elementor-element-559f9c6\" data-id=\"559f9c6\" data-element_type=\"column\" data-e-type=\"column\"> \t\t\t<div class=\"elementor-widget-wrap elementor-element-populated\"> \t\t\t\t\t\t<div class=\"elementor-element elementor-element-ce24857 elementor-widget elementor-widget-text-editor\" data-id=\"ce24857\" data-element_type=\"widget\" data-e-type=\"widget\" data-widget_type=\"text-editor.default\"> \t\t\t\t\t\t\t\t\t<h2>Pourquoi nous choisir<\/h2><p class=\"translation-block\">Parce que nous ne fournissons pas seulement aux clients des produits rentables, mais aussi un support et des solutions de service de premi\u00e8re classe. Au cours des derni\u00e8res ann\u00e9es, nos produits ont \u00e9t\u00e9 export\u00e9s vers <strong>l'Arabie, l'Inde, la Russie, la Mongolie, l'Asie centrale, l'Afrique<\/strong> et d'autres pays et r\u00e9gions.<\/p><h2>Comment satisfaire le client<\/h2><p class=\"translation-block\">Nous prenons \u00ab <strong>qualit\u00e9 d'abord, gagner avec sup\u00e9riorit\u00e9, r\u00e9putation d'abord, client d'abord, tout pour le bien du client<\/strong> \u00bb comme objectif, pour \u00ab faire des biens de haute qualit\u00e9 dans l'industrie, cr\u00e9er des performances g\u00e9n\u00e9rationnelles \u00bb comme but, uniquement pour assurer la satisfaction du client. En m\u00eame temps, nous vous accueillons sinc\u00e8rement \u00e0 visiter notre entreprise et notre usine.<\/p><h2>Ce que nous avons r\u00e9alis\u00e9 jusqu'\u00e0 pr\u00e9sent<\/h2><p>Apr\u00e8s plus de dix ans de d\u00e9veloppement rapide, notre soci\u00e9t\u00e9 dispose d\u00e9sormais d'une \u00e9quipe tr\u00e8s solide et professionnelle, de la recherche et d\u00e9veloppement de la production au service apr\u00e8s-vente, nous disposons d'un personnel technique professionnel \u00e0 soutenir.<br \/>Toute l'\u00e9quipe travaille dur pour que les clients vivent la meilleure exp\u00e9rience. Au cours de cette p\u00e9riode, nous avons \u00e9galement gagn\u00e9 de nombreux clients stables et maintenu un partenariat amical. Gr\u00e2ce \u00e0 nos efforts conjoints, les machines Now Shuliy ont \u00e9t\u00e9 r\u00e9pandues dans de nombreux pays du monde et sont bien connues d'un plus grand nombre de personnes.<\/p><p class=\"translation-block\">De nos jours, la plupart des pays plaident fortement pour <strong>le recyclage<\/strong>, qui est \u00e9galement la direction g\u00e9n\u00e9rale du d\u00e9veloppement humain. La ligne de production de recyclage de fibres de tissus usag\u00e9s d\u00e9velopp\u00e9e et vendue par notre entreprise est \u00e9galement une cat\u00e9gorie tr\u00e8s importante de machines de protection de l'environnement. Ce type de machine est d\u00e9velopp\u00e9 par de nombreux experts m\u00e9caniques excellents, et gr\u00e2ce \u00e0 des am\u00e9liorations et optimisations continues, l'\u00e9quipement est plus <strong>convivial, plus facile et plus pratique \u00e0 utiliser<\/strong>.<\/p><p>Parall\u00e8lement, si vous rencontrez des probl\u00e8mes mat\u00e9riels ou techniques, nous aurons \u00e9galement un professionnel pour vous aider.<\/p>\t\t\t\t\t\t\t\t<\/div> \t\t\t\t\t<\/div> \t\t<\/div> \t\t\t\t\t<\/div> \t\t<\/section> \t\t\t\t\t<\/div> \t\t<\/div> \t\t\t\t\t<\/div> \t\t<\/section> \t\t\t\t<\/div>","protected":false},"excerpt":{"rendered":"<p>About Shuliy Howdy! We are a dedicated, friendly team of professionals delivering the best products &amp; experiences. Why choose us Because we not only provide customers with cost-effective products, but also provide first-class service support and solutions.In recent years, our products have been exported to Arabia, India, Russia, Mongolia, Central Asia, Africa and other countries [&hellip;]<\/p>\n","protected":false},"author":1,"featured_media":0,"parent":0,"menu_order":0,"comment_status":"closed","ping_status":"closed","template":"","meta":{"_crdt_document":"","footnotes":""},"class_list":["post-9","page","type-page","status-publish","hentry"],"_links":{"self":[{"href":"https:\/\/fiberrecycling.com\/fr\/wp-json\/wp\/v2\/pages\/9","targetHints":{"allow":["GET"]}}],"collection":[{"href":"https:\/\/fiberrecycling.com\/fr\/wp-json\/wp\/v2\/pages"}],"about":[{"href":"https:\/\/fiberrecycling.com\/fr\/wp-json\/wp\/v2\/types\/page"}],"author":[{"embeddable":true,"href":"https:\/\/fiberrecycling.com\/fr\/wp-json\/wp\/v2\/users\/1"}],"replies":[{"embeddable":true,"href":"https:\/\/fiberrecycling.com\/fr\/wp-json\/wp\/v2\/comments?post=9"}],"version-history":[{"count":0,"href":"https:\/\/fiberrecycling.com\/fr\/wp-json\/wp\/v2\/pages\/9\/revisions"}],"wp:attachment":[{"href":"https:\/\/fiberrecycling.com\/fr\/wp-json\/wp\/v2\/media?parent=9"}],"curies":[{"name":"wp","href":"https:\/\/api.w.org\/{rel}","templated":true}]}}