{"id":9,"date":"2020-09-28T06:43:31","date_gmt":"2020-09-28T06:43:31","guid":{"rendered":"https:\/\/fiberrecycling.com\/?page_id=9"},"modified":"2020-10-09T02:53:03","modified_gmt":"2020-10-09T02:53:03","slug":"about-us","status":"publish","type":"page","link":"https:\/\/fiberrecycling.com\/pt\/about-us\/","title":{"rendered":"Sobre n\u00f3s"},"content":{"rendered":"<div data-elementor-type=\"wp-page\" data-elementor-id=\"9\" class=\"elementor elementor-9\" data-elementor-post-type=\"page\"> \t\t\t\t\t\t<section class=\"elementor-section elementor-top-section elementor-element elementor-element-0ea7830 elementor-section-full_width elementor-section-height-min-height elementor-section-height-default elementor-section-items-middle\" data-id=\"0ea7830\" data-element_type=\"section\" data-e-type=\"section\" data-settings=\"{&quot;background_background&quot;:&quot;classic&quot;}\"> \t\t\t\t\t\t<div class=\"elementor-container elementor-column-gap-default\"> \t\t\t\t\t<div class=\"elementor-column elementor-col-100 elementor-top-column elementor-element elementor-element-930060c\" data-id=\"930060c\" data-element_type=\"column\" data-e-type=\"column\"> \t\t\t<div class=\"elementor-widget-wrap elementor-element-populated\"> \t\t\t\t\t\t<div class=\"elementor-element elementor-element-c51f7c5 elementor-widget elementor-widget-heading\" data-id=\"c51f7c5\" data-element_type=\"widget\" data-e-type=\"widget\" data-widget_type=\"heading.default\"> \t\t\t\t\t<h2 class=\"elementor-heading-title elementor-size-default\">Sobre Shuliy<\/h2>\t\t\t\t<\/div> \t\t\t\t<div class=\"elementor-element elementor-element-1da3b4f elementor-widget elementor-widget-text-editor\" data-id=\"1da3b4f\" data-element_type=\"widget\" data-e-type=\"widget\" data-widget_type=\"text-editor.default\"> \t\t\t\t\t\t\t\t\t<p>Ol\u00e1! Somos uma equipe dedicada e amig\u00e1vel de profissionais que oferecem os melhores produtos e experi\u00eancias.<\/p>\t\t\t\t\t\t\t\t<\/div> \t\t\t\t\t<\/div> \t\t<\/div> \t\t\t\t\t<\/div> \t\t<\/section> \t\t\t\t<section class=\"elementor-section elementor-top-section elementor-element elementor-element-263c3bf elementor-section-boxed elementor-section-height-default elementor-section-height-default\" data-id=\"263c3bf\" data-element_type=\"section\" data-e-type=\"section\"> \t\t\t\t\t\t<div class=\"elementor-container elementor-column-gap-default\"> \t\t\t\t\t<div class=\"elementor-column elementor-col-100 elementor-top-column elementor-element elementor-element-572f2ed\" data-id=\"572f2ed\" data-element_type=\"column\" data-e-type=\"column\"> \t\t\t<div class=\"elementor-widget-wrap elementor-element-populated\"> \t\t\t\t\t\t<div class=\"elementor-element elementor-element-55041de elementor-widget elementor-widget-image\" data-id=\"55041de\" data-element_type=\"widget\" data-e-type=\"widget\" data-widget_type=\"image.default\"> \t\t\t\t\t\t\t\t\t\t\t\t\t\t\t<img fetchpriority=\"high\" decoding=\"async\" width=\"800\" height=\"534\" src=\"https:\/\/fiberrecycling.com\/wp-content\/uploads\/2020\/10\/IMG_9037-1024x683.jpg\" class=\"attachment-large size-large wp-image-229\" alt=\"\" srcset=\"https:\/\/fiberrecycling.com\/wp-content\/uploads\/2020\/10\/IMG_9037-1024x683.jpg 1024w, https:\/\/fiberrecycling.com\/wp-content\/uploads\/2020\/10\/IMG_9037-300x200.jpg 300w, https:\/\/fiberrecycling.com\/wp-content\/uploads\/2020\/10\/IMG_9037-768x512.jpg 768w, https:\/\/fiberrecycling.com\/wp-content\/uploads\/2020\/10\/IMG_9037-1536x1024.jpg 1536w, https:\/\/fiberrecycling.com\/wp-content\/uploads\/2020\/10\/IMG_9037-2048x1365.jpg 2048w\" sizes=\"(max-width: 800px) 100vw, 800px\" \/>\t\t\t\t\t\t\t\t\t\t\t\t\t\t\t<\/div> \t\t\t\t<section class=\"elementor-section elementor-inner-section elementor-element elementor-element-c2d7e3a elementor-section-boxed elementor-section-height-default elementor-section-height-default\" data-id=\"c2d7e3a\" data-element_type=\"section\" data-e-type=\"section\"> \t\t\t\t\t\t<div class=\"elementor-container elementor-column-gap-default\"> \t\t\t\t\t<div class=\"elementor-column elementor-col-100 elementor-inner-column elementor-element elementor-element-559f9c6\" data-id=\"559f9c6\" data-element_type=\"column\" data-e-type=\"column\"> \t\t\t<div class=\"elementor-widget-wrap elementor-element-populated\"> \t\t\t\t\t\t<div class=\"elementor-element elementor-element-ce24857 elementor-widget elementor-widget-text-editor\" data-id=\"ce24857\" data-element_type=\"widget\" data-e-type=\"widget\" data-widget_type=\"text-editor.default\"> \t\t\t\t\t\t\t\t\t<h2>Porque escolher-nos<\/h2><p class=\"translation-block\">Porque n\u00e3o fornecemos apenas aos clientes produtos econ\u00f3micos, mas tamb\u00e9m oferecemos suporte de servi\u00e7o e solu\u00e7\u00f5es de primeira classe. Nos \u00faltimos anos, os nossos produtos foram exportados para a <strong>Ar\u00e1bia, \u00cdndia, R\u00fassia, Mong\u00f3lia, \u00c1sia Central, \u00c1frica<\/strong> e outros pa\u00edses e regi\u00f5es.<\/p><h2>Como satisfazer o cliente<\/h2><p class=\"translation-block\">Adotamos \"<strong>qualidade em primeiro lugar, vencer com superioridade, reputa\u00e7\u00e3o em primeiro lugar, cliente em primeiro lugar, tudo pelo cliente<\/strong>\" como prop\u00f3sito, com o objetivo de \"criar produtos de alta qualidade na ind\u00fastria, gerar desempenho para o tempo\" como meta, apenas para satisfazer o cliente. Ao mesmo tempo, damos-lhe as boas-vindas para visitar a nossa empresa e f\u00e1brica.<\/p><h2>O que conseguimos at\u00e9 agora<\/h2><p>Ap\u00f3s mais de dez anos de r\u00e1pido desenvolvimento, nossa empresa agora conta com uma equipe muito forte e profissional, desde a pesquisa e desenvolvimento de produ\u00e7\u00e3o at\u00e9 o servi\u00e7o p\u00f3s-venda, temos pessoal t\u00e9cnico profissional para apoiar.<br \/>Toda a equipe est\u00e1 trabalhando duro para que os clientes tenham a melhor experi\u00eancia. Durante este per\u00edodo, tamb\u00e9m conquistamos muitos clientes est\u00e1veis \u200b\u200be mantivemos uma parceria amig\u00e1vel. Com nossos esfor\u00e7os conjuntos, as m\u00e1quinas Now Shuliy foram espalhadas por muitos pa\u00edses do mundo e s\u00e3o bem conhecidas por mais pessoas.<\/p><p class=\"translation-block\">Hoje em dia, a maioria dos pa\u00edses defende fortemente a <strong>reciclagem<\/strong>, que \u00e9 tamb\u00e9m a dire\u00e7\u00e3o geral do desenvolvimento humano. A linha de produ\u00e7\u00e3o de reciclagem de fibras de tecidos residuais desenvolvida e vendida pela nossa empresa \u00e9 tamb\u00e9m uma categoria muito importante de maquinaria de prote\u00e7\u00e3o ambiental. Este tipo de m\u00e1quina \u00e9 desenvolvido por muitos excelentes especialistas em mec\u00e2nica e, atrav\u00e9s de melhorias e otimiza\u00e7\u00f5es cont\u00ednuas, o equipamento \u00e9 mais <strong>f\u00e1cil de usar, mais simples e mais conveniente de operar<\/strong>.<\/p><p>Ao mesmo tempo, caso voc\u00ea tenha algum problema t\u00e9cnico ou de equipamento, tamb\u00e9m teremos um profissional para ajud\u00e1-lo.<\/p>\t\t\t\t\t\t\t\t<\/div> \t\t\t\t\t<\/div> \t\t<\/div> \t\t\t\t\t<\/div> \t\t<\/section> \t\t\t\t\t<\/div> \t\t<\/div> \t\t\t\t\t<\/div> \t\t<\/section> \t\t\t\t<\/div>","protected":false},"excerpt":{"rendered":"<p>About Shuliy Howdy! We are a dedicated, friendly team of professionals delivering the best products &amp; experiences. Why choose us Because we not only provide customers with cost-effective products, but also provide first-class service support and solutions.In recent years, our products have been exported to Arabia, India, Russia, Mongolia, Central Asia, Africa and other countries [&hellip;]<\/p>\n","protected":false},"author":1,"featured_media":0,"parent":0,"menu_order":0,"comment_status":"closed","ping_status":"closed","template":"","meta":{"_crdt_document":"","footnotes":""},"class_list":["post-9","page","type-page","status-publish","hentry"],"_links":{"self":[{"href":"https:\/\/fiberrecycling.com\/pt\/wp-json\/wp\/v2\/pages\/9","targetHints":{"allow":["GET"]}}],"collection":[{"href":"https:\/\/fiberrecycling.com\/pt\/wp-json\/wp\/v2\/pages"}],"about":[{"href":"https:\/\/fiberrecycling.com\/pt\/wp-json\/wp\/v2\/types\/page"}],"author":[{"embeddable":true,"href":"https:\/\/fiberrecycling.com\/pt\/wp-json\/wp\/v2\/users\/1"}],"replies":[{"embeddable":true,"href":"https:\/\/fiberrecycling.com\/pt\/wp-json\/wp\/v2\/comments?post=9"}],"version-history":[{"count":0,"href":"https:\/\/fiberrecycling.com\/pt\/wp-json\/wp\/v2\/pages\/9\/revisions"}],"wp:attachment":[{"href":"https:\/\/fiberrecycling.com\/pt\/wp-json\/wp\/v2\/media?parent=9"}],"curies":[{"name":"wp","href":"https:\/\/api.w.org\/{rel}","templated":true}]}}