{"id":9,"date":"2020-09-28T06:43:31","date_gmt":"2020-09-28T06:43:31","guid":{"rendered":"https:\/\/fiberrecycling.com\/?page_id=9"},"modified":"2020-10-09T02:53:03","modified_gmt":"2020-10-09T02:53:03","slug":"about-us","status":"publish","type":"page","link":"https:\/\/fiberrecycling.com\/sw\/about-us\/","title":{"rendered":"Kuhusu Sisi"},"content":{"rendered":"<div data-elementor-type=\"wp-page\" data-elementor-id=\"9\" class=\"elementor elementor-9\" data-elementor-post-type=\"page\"> \t\t\t\t\t\t<section class=\"elementor-section elementor-top-section elementor-element elementor-element-0ea7830 elementor-section-full_width elementor-section-height-min-height elementor-section-height-default elementor-section-items-middle\" data-id=\"0ea7830\" data-element_type=\"section\" data-e-type=\"section\" data-settings=\"{&quot;background_background&quot;:&quot;classic&quot;}\"> \t\t\t\t\t\t<div class=\"elementor-container elementor-column-gap-default\"> \t\t\t\t\t<div class=\"elementor-column elementor-col-100 elementor-top-column elementor-element elementor-element-930060c\" data-id=\"930060c\" data-element_type=\"column\" data-e-type=\"column\"> \t\t\t<div class=\"elementor-widget-wrap elementor-element-populated\"> \t\t\t\t\t\t<div class=\"elementor-element elementor-element-c51f7c5 elementor-widget elementor-widget-heading\" data-id=\"c51f7c5\" data-element_type=\"widget\" data-e-type=\"widget\" data-widget_type=\"heading.default\"> \t\t\t\t\t<h2 class=\"elementor-heading-title elementor-size-default\">Kuhusu Shuliy<\/h2>\t\t\t\t<\/div> \t\t\t\t<div class=\"elementor-element elementor-element-1da3b4f elementor-widget elementor-widget-text-editor\" data-id=\"1da3b4f\" data-element_type=\"widget\" data-e-type=\"widget\" data-widget_type=\"text-editor.default\"> \t\t\t\t\t\t\t\t\t<p>Habari! Sisi ni timu iliyojitolea na rafiki ya wataalamu wanaotoa bidhaa bora na uzoefu.<\/p>\t\t\t\t\t\t\t\t<\/div> \t\t\t\t\t<\/div> \t\t<\/div> \t\t\t\t\t<\/div> \t\t<\/section> \t\t\t\t<section class=\"elementor-section elementor-top-section elementor-element elementor-element-263c3bf elementor-section-boxed elementor-section-height-default elementor-section-height-default\" data-id=\"263c3bf\" data-element_type=\"section\" data-e-type=\"section\"> \t\t\t\t\t\t<div class=\"elementor-container elementor-column-gap-default\"> \t\t\t\t\t<div class=\"elementor-column elementor-col-100 elementor-top-column elementor-element elementor-element-572f2ed\" data-id=\"572f2ed\" data-element_type=\"column\" data-e-type=\"column\"> \t\t\t<div class=\"elementor-widget-wrap elementor-element-populated\"> \t\t\t\t\t\t<div class=\"elementor-element elementor-element-55041de elementor-widget elementor-widget-image\" data-id=\"55041de\" data-element_type=\"widget\" data-e-type=\"widget\" data-widget_type=\"image.default\"> \t\t\t\t\t\t\t\t\t\t\t\t\t\t\t<img fetchpriority=\"high\" decoding=\"async\" width=\"800\" height=\"534\" src=\"https:\/\/fiberrecycling.com\/wp-content\/uploads\/2020\/10\/IMG_9037-1024x683.jpg\" class=\"attachment-large size-large wp-image-229\" alt=\"\" srcset=\"https:\/\/fiberrecycling.com\/wp-content\/uploads\/2020\/10\/IMG_9037-1024x683.jpg 1024w, https:\/\/fiberrecycling.com\/wp-content\/uploads\/2020\/10\/IMG_9037-300x200.jpg 300w, https:\/\/fiberrecycling.com\/wp-content\/uploads\/2020\/10\/IMG_9037-768x512.jpg 768w, https:\/\/fiberrecycling.com\/wp-content\/uploads\/2020\/10\/IMG_9037-1536x1024.jpg 1536w, https:\/\/fiberrecycling.com\/wp-content\/uploads\/2020\/10\/IMG_9037-2048x1365.jpg 2048w\" sizes=\"(max-width: 800px) 100vw, 800px\" \/>\t\t\t\t\t\t\t\t\t\t\t\t\t\t\t<\/div> \t\t\t\t<section class=\"elementor-section elementor-inner-section elementor-element elementor-element-c2d7e3a elementor-section-boxed elementor-section-height-default elementor-section-height-default\" data-id=\"c2d7e3a\" data-element_type=\"section\" data-e-type=\"section\"> \t\t\t\t\t\t<div class=\"elementor-container elementor-column-gap-default\"> \t\t\t\t\t<div class=\"elementor-column elementor-col-100 elementor-inner-column elementor-element elementor-element-559f9c6\" data-id=\"559f9c6\" data-element_type=\"column\" data-e-type=\"column\"> \t\t\t<div class=\"elementor-widget-wrap elementor-element-populated\"> \t\t\t\t\t\t<div class=\"elementor-element elementor-element-ce24857 elementor-widget elementor-widget-text-editor\" data-id=\"ce24857\" data-element_type=\"widget\" data-e-type=\"widget\" data-widget_type=\"text-editor.default\"> \t\t\t\t\t\t\t\t\t<h2>Kwa nini tuchague<\/h2><p class=\"translation-block\">Eftersom vi inte bara tillhandah\u00e5ller kunderna kostnadseffektiva produkter, utan ocks\u00e5 f\u00f6rstklassig service support och l\u00f6sningar. P\u00e5 senare \u00e5r har v\u00e5ra produkter exporterats till <strong>Arabien, Indien, Ryssland, Mongoliet, Centralasien, Afrika<\/strong> och andra l\u00e4nder och regioner.<\/p><h2>Jinsi ya kumridhisha mteja<\/h2><p class=\"translation-block\">Vi tar \u201c<strong>kvalitet f\u00f6rst, vinn med \u00f6verl\u00e4gsen, anseende f\u00f6rst, kund f\u00f6rst, allt f\u00f6r kundens skull<\/strong>\u201d som syfte, att \u201cg\u00f6ra branschen h\u00f6gkvalitetsvaror, skapa tidsgenerationens prestanda\u201d som m\u00e5l, bara f\u00f6r att l\u00e5ta kunden vara n\u00f6jd. Samtidigt v\u00e4lkomnar vi er uppriktigt att bes\u00f6ka v\u00e5rt f\u00f6retag och fabrik.<\/p><h2>Nini tumefanikiwa hadi sasa<\/h2><p>Baada ya zaidi ya miaka kumi ya maendeleo ya haraka, kampuni yetu sasa ina timu yenye nguvu na ya kitaalamu, kutoka kwa utafiti wa uzalishaji na maendeleo hadi huduma ya baada ya mauzo, tuna wataalamu wa kiufundi wa kusaidia.<br \/>Timu nzima inafanya kazi kwa bidii ili wateja wapate uzoefu bora zaidi. Katika kipindi hiki, pia tumepata wateja wengi thabiti na kudumisha ushirikiano wa kirafiki. Kwa juhudi zetu za pamoja, Sasa mitambo ya Shuliy imeenea katika nchi nyingi duniani na inajulikana sana kwa watu wengi zaidi.<\/p><p class=\"translation-block\">Numera uppmuntrar de flesta l\u00e4nder starkt <strong>\u00e5tervinning<\/strong>, vilket ocks\u00e5 \u00e4r den allm\u00e4nna utvecklingsriktningen f\u00f6r m\u00e4nskligheten. Den av v\u00e5r f\u00f6retag utvecklade och s\u00e5lda \u00e5tervinningslinje f\u00f6r avfallstygetrib \u00e4r ocks\u00e5 en mycket viktig kategori av milj\u00f6skyddsmaskiner. Denna typ av maskin \u00e4r utvecklad av m\u00e5nga utm\u00e4rkta mekaniska experter, och genom kontinuerlig f\u00f6rb\u00e4ttring och optimering \u00e4r utrustningen mer <strong>anv\u00e4ndarv\u00e4nlig, enklare och bekv\u00e4mare att anv\u00e4nda<\/strong>.<\/p><p>Wakati huo huo, ikiwa una vifaa au matatizo yoyote ya kiufundi, tutakuwa na mtaalamu wa kukusaidia.<\/p>\t\t\t\t\t\t\t\t<\/div> \t\t\t\t\t<\/div> \t\t<\/div> \t\t\t\t\t<\/div> \t\t<\/section> \t\t\t\t\t<\/div> \t\t<\/div> \t\t\t\t\t<\/div> \t\t<\/section> \t\t\t\t<\/div>","protected":false},"excerpt":{"rendered":"<p>About Shuliy Howdy! We are a dedicated, friendly team of professionals delivering the best products &amp; experiences. Why choose us Because we not only provide customers with cost-effective products, but also provide first-class service support and solutions.In recent years, our products have been exported to Arabia, India, Russia, Mongolia, Central Asia, Africa and other countries [&hellip;]<\/p>\n","protected":false},"author":1,"featured_media":0,"parent":0,"menu_order":0,"comment_status":"closed","ping_status":"closed","template":"","meta":{"_crdt_document":"","footnotes":""},"class_list":["post-9","page","type-page","status-publish","hentry"],"_links":{"self":[{"href":"https:\/\/fiberrecycling.com\/sw\/wp-json\/wp\/v2\/pages\/9","targetHints":{"allow":["GET"]}}],"collection":[{"href":"https:\/\/fiberrecycling.com\/sw\/wp-json\/wp\/v2\/pages"}],"about":[{"href":"https:\/\/fiberrecycling.com\/sw\/wp-json\/wp\/v2\/types\/page"}],"author":[{"embeddable":true,"href":"https:\/\/fiberrecycling.com\/sw\/wp-json\/wp\/v2\/users\/1"}],"replies":[{"embeddable":true,"href":"https:\/\/fiberrecycling.com\/sw\/wp-json\/wp\/v2\/comments?post=9"}],"version-history":[{"count":0,"href":"https:\/\/fiberrecycling.com\/sw\/wp-json\/wp\/v2\/pages\/9\/revisions"}],"wp:attachment":[{"href":"https:\/\/fiberrecycling.com\/sw\/wp-json\/wp\/v2\/media?parent=9"}],"curies":[{"name":"wp","href":"https:\/\/api.w.org\/{rel}","templated":true}]}}