{"id":9,"date":"2020-09-28T06:43:31","date_gmt":"2020-09-28T06:43:31","guid":{"rendered":"https:\/\/fiberrecycling.com\/?page_id=9"},"modified":"2020-10-09T02:53:03","modified_gmt":"2020-10-09T02:53:03","slug":"about-us","status":"publish","type":"page","link":"https:\/\/fiberrecycling.com\/tr\/about-us\/","title":{"rendered":"Hakk\u0131m\u0131zda"},"content":{"rendered":"<div data-elementor-type=\"wp-page\" data-elementor-id=\"9\" class=\"elementor elementor-9\" data-elementor-post-type=\"page\"> \t\t\t\t\t\t<section class=\"elementor-section elementor-top-section elementor-element elementor-element-0ea7830 elementor-section-full_width elementor-section-height-min-height elementor-section-height-default elementor-section-items-middle\" data-id=\"0ea7830\" data-element_type=\"section\" data-e-type=\"section\" data-settings=\"{&quot;background_background&quot;:&quot;classic&quot;}\"> \t\t\t\t\t\t<div class=\"elementor-container elementor-column-gap-default\"> \t\t\t\t\t<div class=\"elementor-column elementor-col-100 elementor-top-column elementor-element elementor-element-930060c\" data-id=\"930060c\" data-element_type=\"column\" data-e-type=\"column\"> \t\t\t<div class=\"elementor-widget-wrap elementor-element-populated\"> \t\t\t\t\t\t<div class=\"elementor-element elementor-element-c51f7c5 elementor-widget elementor-widget-heading\" data-id=\"c51f7c5\" data-element_type=\"widget\" data-e-type=\"widget\" data-widget_type=\"heading.default\"> \t\t\t\t\t<h2 class=\"elementor-heading-title elementor-size-default\">Shuliy hakk\u0131nda<\/h2>\t\t\t\t<\/div> \t\t\t\t<div class=\"elementor-element elementor-element-1da3b4f elementor-widget elementor-widget-text-editor\" data-id=\"1da3b4f\" data-element_type=\"widget\" data-e-type=\"widget\" data-widget_type=\"text-editor.default\"> \t\t\t\t\t\t\t\t\t<p>Merhaba! Biz, en iyi \u00fcr\u00fcnleri ve deneyimleri sunan, profesyonellerden olu\u015fan, dost canl\u0131s\u0131 bir ekibiz.<\/p>\t\t\t\t\t\t\t\t<\/div> \t\t\t\t\t<\/div> \t\t<\/div> \t\t\t\t\t<\/div> \t\t<\/section> \t\t\t\t<section class=\"elementor-section elementor-top-section elementor-element elementor-element-263c3bf elementor-section-boxed elementor-section-height-default elementor-section-height-default\" data-id=\"263c3bf\" data-element_type=\"section\" data-e-type=\"section\"> \t\t\t\t\t\t<div class=\"elementor-container elementor-column-gap-default\"> \t\t\t\t\t<div class=\"elementor-column elementor-col-100 elementor-top-column elementor-element elementor-element-572f2ed\" data-id=\"572f2ed\" data-element_type=\"column\" data-e-type=\"column\"> \t\t\t<div class=\"elementor-widget-wrap elementor-element-populated\"> \t\t\t\t\t\t<div class=\"elementor-element elementor-element-55041de elementor-widget elementor-widget-image\" data-id=\"55041de\" data-element_type=\"widget\" data-e-type=\"widget\" data-widget_type=\"image.default\"> \t\t\t\t\t\t\t\t\t\t\t\t\t\t\t<img fetchpriority=\"high\" decoding=\"async\" width=\"800\" height=\"534\" src=\"https:\/\/fiberrecycling.com\/wp-content\/uploads\/2020\/10\/IMG_9037-1024x683.jpg\" class=\"attachment-large size-large wp-image-229\" alt=\"\" srcset=\"https:\/\/fiberrecycling.com\/wp-content\/uploads\/2020\/10\/IMG_9037-1024x683.jpg 1024w, https:\/\/fiberrecycling.com\/wp-content\/uploads\/2020\/10\/IMG_9037-300x200.jpg 300w, https:\/\/fiberrecycling.com\/wp-content\/uploads\/2020\/10\/IMG_9037-768x512.jpg 768w, https:\/\/fiberrecycling.com\/wp-content\/uploads\/2020\/10\/IMG_9037-1536x1024.jpg 1536w, https:\/\/fiberrecycling.com\/wp-content\/uploads\/2020\/10\/IMG_9037-2048x1365.jpg 2048w\" sizes=\"(max-width: 800px) 100vw, 800px\" \/>\t\t\t\t\t\t\t\t\t\t\t\t\t\t\t<\/div> \t\t\t\t<section class=\"elementor-section elementor-inner-section elementor-element elementor-element-c2d7e3a elementor-section-boxed elementor-section-height-default elementor-section-height-default\" data-id=\"c2d7e3a\" data-element_type=\"section\" data-e-type=\"section\"> \t\t\t\t\t\t<div class=\"elementor-container elementor-column-gap-default\"> \t\t\t\t\t<div class=\"elementor-column elementor-col-100 elementor-inner-column elementor-element elementor-element-559f9c6\" data-id=\"559f9c6\" data-element_type=\"column\" data-e-type=\"column\"> \t\t\t<div class=\"elementor-widget-wrap elementor-element-populated\"> \t\t\t\t\t\t<div class=\"elementor-element elementor-element-ce24857 elementor-widget elementor-widget-text-editor\" data-id=\"ce24857\" data-element_type=\"widget\" data-e-type=\"widget\" data-widget_type=\"text-editor.default\"> \t\t\t\t\t\t\t\t\t<h2>Neden bizi se\u00e7melisiniz?<\/h2><p class=\"translation-block\">\u00c7\u00fcnk\u00fc m\u00fc\u015fterilerimize yaln\u0131zca uygun maliyetli \u00fcr\u00fcnler sunmakla kalm\u0131yor, ayn\u0131 zamanda birinci s\u0131n\u0131f hizmet deste\u011fi ve \u00e7\u00f6z\u00fcmleri de sa\u011fl\u0131yoruz. Son y\u0131llarda \u00fcr\u00fcnlerimiz <strong>Arabistan, Hindistan, Rusya, Mo\u011folistan, Orta Asya, Afrika<\/strong> ve di\u011fer \u00fclke ve b\u00f6lgelere ihra\u00e7 edilmi\u015ftir.<\/p><h2>M\u00fc\u015fteri nas\u0131l memnun edilir<\/h2><p class=\"translation-block\">Amac\u0131m\u0131z \u201c<strong>\u00f6nce kalite, \u00fcst\u00fcnl\u00fckle kazanmak, \u00f6nce itibar, \u00f6nce m\u00fc\u015fteri, her \u015fey m\u00fc\u015fteri u\u011fruna<\/strong>\u201d, hedefimiz \u201csekt\u00f6r\u00fcn kaliteli \u00fcr\u00fcnlerini yapmak, zaman\u0131n nesil performans\u0131n\u0131 yaratmak\u201d, sadece m\u00fc\u015fteriyi memnun etmek i\u00e7in. Ayn\u0131 zamanda \u015firketimizi ve fabrikam\u0131z\u0131 ziyaret etmeniz i\u00e7in sizi i\u00e7tenlikle kar\u015f\u0131l\u0131yoruz.<\/p><h2>\u015eu ana kadar ba\u015fard\u0131klar\u0131m\u0131z<\/h2><p>On y\u0131ldan fazla s\u00fcren h\u0131zl\u0131 geli\u015fimin ard\u0131ndan firmam\u0131z art\u0131k \u00fcretim ara\u015ft\u0131rma ve geli\u015ftirmesinden sat\u0131\u015f sonras\u0131 hizmete kadar \u00e7ok g\u00fc\u00e7l\u00fc ve profesyonel bir ekibe sahip, destekleyecek profesyonel teknik personelimiz var.<br \/>T\u00fcm ekip, m\u00fc\u015fterilerin en iyi deneyimi ya\u015famas\u0131 i\u00e7in \u00e7ok \u00e7al\u0131\u015f\u0131yor. Bu d\u00f6nemde \u00e7ok say\u0131da istikrarl\u0131 m\u00fc\u015fteri de kazand\u0131k ve dostane bir ortakl\u0131\u011f\u0131 s\u00fcrd\u00fcrd\u00fck. Ortak \u00e7abalar\u0131m\u0131zla Now Shuliy makineleri d\u00fcnyan\u0131n bir\u00e7ok \u00fclkesine yay\u0131ld\u0131 ve daha fazla insan taraf\u0131ndan tan\u0131nd\u0131.<\/p><p class=\"translation-block\">G\u00fcn\u00fcm\u00fczde \u00e7o\u011fu \u00fclke <strong>geri d\u00f6n\u00fc\u015f\u00fcm\u00fc<\/strong> g\u00fc\u00e7l\u00fc bir \u015fekilde desteklemektedir ve bu ayn\u0131 zamanda insanl\u0131\u011f\u0131n geli\u015fiminin genel y\u00f6n\u00fcd\u00fcr. \u015eirketimiz taraf\u0131ndan geli\u015ftirilen ve sat\u0131lan at\u0131k kuma\u015f elyaf geri d\u00f6n\u00fc\u015f\u00fcm \u00fcretim hatt\u0131 da \u00e7evre koruma makinelerinin \u00e7ok \u00f6nemli bir kategorisidir. Bu t\u00fcr makineler bir\u00e7ok m\u00fckemmel makine m\u00fchendisi taraf\u0131ndan geli\u015ftirilmi\u015f ve s\u00fcrekli iyile\u015ftirme ve optimizasyon yoluyla ekipman daha <strong>kullan\u0131c\u0131 dostu, daha kolay ve daha rahat \u00e7al\u0131\u015ft\u0131r\u0131labilir<\/strong> hale gelmi\u015ftir.<\/p><p>Ayn\u0131 zamanda herhangi bir ekipman veya teknik sorununuz varsa size yard\u0131mc\u0131 olacak bir profesyonelimiz de olacakt\u0131r.<\/p>\t\t\t\t\t\t\t\t<\/div> \t\t\t\t\t<\/div> \t\t<\/div> \t\t\t\t\t<\/div> \t\t<\/section> \t\t\t\t\t<\/div> \t\t<\/div> \t\t\t\t\t<\/div> \t\t<\/section> \t\t\t\t<\/div>","protected":false},"excerpt":{"rendered":"<p>About Shuliy Howdy! We are a dedicated, friendly team of professionals delivering the best products &amp; experiences. Why choose us Because we not only provide customers with cost-effective products, but also provide first-class service support and solutions.In recent years, our products have been exported to Arabia, India, Russia, Mongolia, Central Asia, Africa and other countries [&hellip;]<\/p>\n","protected":false},"author":1,"featured_media":0,"parent":0,"menu_order":0,"comment_status":"closed","ping_status":"closed","template":"","meta":{"_crdt_document":"","footnotes":""},"class_list":["post-9","page","type-page","status-publish","hentry"],"_links":{"self":[{"href":"https:\/\/fiberrecycling.com\/tr\/wp-json\/wp\/v2\/pages\/9","targetHints":{"allow":["GET"]}}],"collection":[{"href":"https:\/\/fiberrecycling.com\/tr\/wp-json\/wp\/v2\/pages"}],"about":[{"href":"https:\/\/fiberrecycling.com\/tr\/wp-json\/wp\/v2\/types\/page"}],"author":[{"embeddable":true,"href":"https:\/\/fiberrecycling.com\/tr\/wp-json\/wp\/v2\/users\/1"}],"replies":[{"embeddable":true,"href":"https:\/\/fiberrecycling.com\/tr\/wp-json\/wp\/v2\/comments?post=9"}],"version-history":[{"count":0,"href":"https:\/\/fiberrecycling.com\/tr\/wp-json\/wp\/v2\/pages\/9\/revisions"}],"wp:attachment":[{"href":"https:\/\/fiberrecycling.com\/tr\/wp-json\/wp\/v2\/media?parent=9"}],"curies":[{"name":"wp","href":"https:\/\/api.w.org\/{rel}","templated":true}]}}