{"id":9,"date":"2020-09-28T06:43:31","date_gmt":"2020-09-28T06:43:31","guid":{"rendered":"https:\/\/fiberrecycling.com\/?page_id=9"},"modified":"2020-10-09T02:53:03","modified_gmt":"2020-10-09T02:53:03","slug":"about-us","status":"publish","type":"page","link":"https:\/\/fiberrecycling.com\/vi\/about-us\/","title":{"rendered":"V\u1ec1 ch\u00fang t\u00f4i"},"content":{"rendered":"<div data-elementor-type=\"wp-page\" data-elementor-id=\"9\" class=\"elementor elementor-9\" data-elementor-post-type=\"page\"> \t\t\t\t\t\t<section class=\"elementor-section elementor-top-section elementor-element elementor-element-0ea7830 elementor-section-full_width elementor-section-height-min-height elementor-section-height-default elementor-section-items-middle\" data-id=\"0ea7830\" data-element_type=\"section\" data-e-type=\"section\" data-settings=\"{&quot;background_background&quot;:&quot;classic&quot;}\"> \t\t\t\t\t\t<div class=\"elementor-container elementor-column-gap-default\"> \t\t\t\t\t<div class=\"elementor-column elementor-col-100 elementor-top-column elementor-element elementor-element-930060c\" data-id=\"930060c\" data-element_type=\"column\" data-e-type=\"column\"> \t\t\t<div class=\"elementor-widget-wrap elementor-element-populated\"> \t\t\t\t\t\t<div class=\"elementor-element elementor-element-c51f7c5 elementor-widget elementor-widget-heading\" data-id=\"c51f7c5\" data-element_type=\"widget\" data-e-type=\"widget\" data-widget_type=\"heading.default\"> \t\t\t\t\t<h2 class=\"elementor-heading-title elementor-size-default\">Gi\u1edbi thi\u1ec7u v\u1ec1 Shuliy<\/h2>\t\t\t\t<\/div> \t\t\t\t<div class=\"elementor-element elementor-element-1da3b4f elementor-widget elementor-widget-text-editor\" data-id=\"1da3b4f\" data-element_type=\"widget\" data-e-type=\"widget\" data-widget_type=\"text-editor.default\"> \t\t\t\t\t\t\t\t\t<p>Xin ch\u00e0o! Ch\u00fang t\u00f4i l\u00e0 m\u1ed9t \u0111\u1ed9i ng\u0169 chuy\u00ean gia t\u1eadn t\u00e2m, th\u00e2n thi\u1ec7n, mang \u0111\u1ebfn nh\u1eefng s\u1ea3n ph\u1ea9m v\u00e0 tr\u1ea3i nghi\u1ec7m t\u1ed1t nh\u1ea5t.<\/p>\t\t\t\t\t\t\t\t<\/div> \t\t\t\t\t<\/div> \t\t<\/div> \t\t\t\t\t<\/div> \t\t<\/section> \t\t\t\t<section class=\"elementor-section elementor-top-section elementor-element elementor-element-263c3bf elementor-section-boxed elementor-section-height-default elementor-section-height-default\" data-id=\"263c3bf\" data-element_type=\"section\" data-e-type=\"section\"> \t\t\t\t\t\t<div class=\"elementor-container elementor-column-gap-default\"> \t\t\t\t\t<div class=\"elementor-column elementor-col-100 elementor-top-column elementor-element elementor-element-572f2ed\" data-id=\"572f2ed\" data-element_type=\"column\" data-e-type=\"column\"> \t\t\t<div class=\"elementor-widget-wrap elementor-element-populated\"> \t\t\t\t\t\t<div class=\"elementor-element elementor-element-55041de elementor-widget elementor-widget-image\" data-id=\"55041de\" data-element_type=\"widget\" data-e-type=\"widget\" data-widget_type=\"image.default\"> \t\t\t\t\t\t\t\t\t\t\t\t\t\t\t<img fetchpriority=\"high\" decoding=\"async\" width=\"800\" height=\"534\" src=\"https:\/\/fiberrecycling.com\/wp-content\/uploads\/2020\/10\/IMG_9037-1024x683.jpg\" class=\"attachment-large size-large wp-image-229\" alt=\"\" srcset=\"https:\/\/fiberrecycling.com\/wp-content\/uploads\/2020\/10\/IMG_9037-1024x683.jpg 1024w, https:\/\/fiberrecycling.com\/wp-content\/uploads\/2020\/10\/IMG_9037-300x200.jpg 300w, https:\/\/fiberrecycling.com\/wp-content\/uploads\/2020\/10\/IMG_9037-768x512.jpg 768w, https:\/\/fiberrecycling.com\/wp-content\/uploads\/2020\/10\/IMG_9037-1536x1024.jpg 1536w, https:\/\/fiberrecycling.com\/wp-content\/uploads\/2020\/10\/IMG_9037-2048x1365.jpg 2048w\" sizes=\"(max-width: 800px) 100vw, 800px\" \/>\t\t\t\t\t\t\t\t\t\t\t\t\t\t\t<\/div> \t\t\t\t<section class=\"elementor-section elementor-inner-section elementor-element elementor-element-c2d7e3a elementor-section-boxed elementor-section-height-default elementor-section-height-default\" data-id=\"c2d7e3a\" data-element_type=\"section\" data-e-type=\"section\"> \t\t\t\t\t\t<div class=\"elementor-container elementor-column-gap-default\"> \t\t\t\t\t<div class=\"elementor-column elementor-col-100 elementor-inner-column elementor-element elementor-element-559f9c6\" data-id=\"559f9c6\" data-element_type=\"column\" data-e-type=\"column\"> \t\t\t<div class=\"elementor-widget-wrap elementor-element-populated\"> \t\t\t\t\t\t<div class=\"elementor-element elementor-element-ce24857 elementor-widget elementor-widget-text-editor\" data-id=\"ce24857\" data-element_type=\"widget\" data-e-type=\"widget\" data-widget_type=\"text-editor.default\"> \t\t\t\t\t\t\t\t\t<h2>T\u1ea1i sao ch\u1ecdn ch\u00fang t\u00f4i<\/h2><p class=\"translation-block\">B\u1edfi v\u00ec ch\u00fang t\u00f4i kh\u00f4ng ch\u1ec9 cung c\u1ea5p cho kh\u00e1ch h\u00e0ng nh\u1eefng s\u1ea3n ph\u1ea9m hi\u1ec7u qu\u1ea3 v\u1ec1 chi ph\u00ed, m\u00e0 c\u00f2n cung c\u1ea5p d\u1ecbch v\u1ee5 h\u1ed7 tr\u1ee3 v\u00e0 gi\u1ea3i ph\u00e1p h\u00e0ng \u0111\u1ea7u. Trong nh\u1eefng n\u0103m g\u1ea7n \u0111\u00e2y, s\u1ea3n ph\u1ea9m c\u1ee7a ch\u00fang t\u00f4i \u0111\u00e3 \u0111\u01b0\u1ee3c xu\u1ea5t kh\u1ea9u \u0111\u1ebfn <strong>\u1ea2 R\u1eadp, \u1ea4n \u0110\u1ed9, Nga, M\u00f4ng C\u1ed5, Trung \u00c1, ch\u00e2u Phi<\/strong> v\u00e0 c\u00e1c qu\u1ed1c gia, khu v\u1ef1c kh\u00e1c.<\/p><h2>L\u00e0m th\u1ebf n\u00e0o \u0111\u1ec3 l\u00e0m h\u00e0i l\u00f2ng kh\u00e1ch h\u00e0ng<\/h2><p class=\"translation-block\">Ch\u00fang t\u00f4i l\u1ea5y \u201c<strong>ch\u1ea5t l\u01b0\u1ee3ng h\u00e0ng \u0111\u1ea7u, chi\u1ebfn th\u1eafng b\u1eb1ng s\u1ef1 v\u01b0\u1ee3t tr\u1ed9i, danh ti\u1ebfng h\u00e0ng \u0111\u1ea7u, kh\u00e1ch h\u00e0ng l\u00e0 tr\u00ean h\u1ebft, m\u1ecdi th\u1ee9 v\u00ec l\u1ee3i \u00edch c\u1ee7a kh\u00e1ch h\u00e0ng<\/strong>\u201d l\u00e0m m\u1ee5c ti\u00eau, \u0111\u1ec3 \u201cl\u00e0m ra h\u00e0ng h\u00f3a ch\u1ea5t l\u01b0\u1ee3ng cao trong ng\u00e0nh, t\u1ea1o ra hi\u1ec7u su\u1ea5t th\u1eddi \u0111\u1ea1i\u201d l\u00e0m m\u1ee5c ti\u00eau, ch\u1ec9 \u0111\u1ec3 mang l\u1ea1i s\u1ef1 h\u00e0i l\u00f2ng cho kh\u00e1ch h\u00e0ng. \u0110\u1ed3ng th\u1eddi, ch\u00fang t\u00f4i ch\u00e2n th\u00e0nh ch\u00e0o \u0111\u00f3n b\u1ea1n \u0111\u1ebfn th\u0103m c\u00f4ng ty v\u00e0 nh\u00e0 m\u00e1y c\u1ee7a ch\u00fang t\u00f4i.<\/p><h2>Nh\u1eefng g\u00ec ch\u00fang t\u00f4i \u0111\u00e3 \u0111\u1ea1t \u0111\u01b0\u1ee3c cho \u0111\u1ebfn nay<\/h2><p>Sau h\u01a1n m\u01b0\u1eddi n\u0103m ph\u00e1t tri\u1ec3n nhanh ch\u00f3ng, c\u00f4ng ty ch\u00fang t\u00f4i hi\u1ec7n c\u00f3 m\u1ed9t \u0111\u1ed9i ng\u0169 r\u1ea5t h\u00f9ng m\u1ea1nh v\u00e0 chuy\u00ean nghi\u1ec7p, t\u1eeb nghi\u00ean c\u1ee9u v\u00e0 ph\u00e1t tri\u1ec3n s\u1ea3n xu\u1ea5t \u0111\u1ebfn d\u1ecbch v\u1ee5 h\u1eadu m\u00e3i, ch\u00fang t\u00f4i c\u00f3 nh\u00e2n vi\u00ean k\u1ef9 thu\u1eadt chuy\u00ean nghi\u1ec7p \u0111\u1ec3 h\u1ed7 tr\u1ee3.<br \/>To\u00e0n \u0111\u1ed9i \u0111ang l\u00e0m vi\u1ec7c ch\u0103m ch\u1ec9 \u0111\u1ec3 kh\u00e1ch h\u00e0ng c\u00f3 tr\u1ea3i nghi\u1ec7m t\u1ed1t nh\u1ea5t. Trong giai \u0111o\u1ea1n n\u00e0y, ch\u00fang t\u00f4i c\u0169ng \u0111\u00e3 c\u00f3 \u0111\u01b0\u1ee3c r\u1ea5t nhi\u1ec1u kh\u00e1ch h\u00e0ng \u1ed5n \u0111\u1ecbnh v\u00e0 duy tr\u00ec m\u1ed1i quan h\u1ec7 \u0111\u1ed1i t\u00e1c th\u00e2n thi\u1ec7n. V\u1edbi nh\u1eefng n\u1ed7 l\u1ef1c chung c\u1ee7a ch\u00fang ta, m\u00e1y m\u00f3c Now Shuliy \u0111\u00e3 \u0111\u01b0\u1ee3c ph\u1ed5 bi\u1ebfn kh\u1eafp nhi\u1ec1u qu\u1ed1c gia tr\u00ean th\u1ebf gi\u1edbi v\u00e0 \u0111\u01b0\u1ee3c nhi\u1ec1u ng\u01b0\u1eddi bi\u1ebft \u0111\u1ebfn h\u01a1n.<\/p><p class=\"translation-block\">Ng\u00e0y nay, h\u1ea7u h\u1ebft c\u00e1c qu\u1ed1c gia \u0111\u1ec1u m\u1ea1nh m\u1ebd khuy\u1ebfn kh\u00edch <strong>t\u00e1i ch\u1ebf<\/strong>, \u0111i\u1ec1u n\u00e0y c\u0169ng l\u00e0 h\u01b0\u1edbng ph\u00e1t tri\u1ec3n chung c\u1ee7a nh\u00e2n lo\u1ea1i. D\u00e2y chuy\u1ec1n s\u1ea3n xu\u1ea5t t\u00e1i ch\u1ebf s\u1ee3i v\u1ea3i th\u1ea3i m\u00e0 c\u00f4ng ty ch\u00fang t\u00f4i ph\u00e1t tri\u1ec3n v\u00e0 b\u00e1n c\u0169ng l\u00e0 m\u1ed9t lo\u1ea1i m\u00e1y m\u00f3c b\u1ea3o v\u1ec7 m\u00f4i tr\u01b0\u1eddng r\u1ea5t quan tr\u1ecdng. Lo\u1ea1i m\u00e1y n\u00e0y \u0111\u01b0\u1ee3c ph\u00e1t tri\u1ec3n b\u1edfi nhi\u1ec1u chuy\u00ean gia c\u01a1 kh\u00ed xu\u1ea5t s\u1eafc, v\u00e0 th\u00f4ng qua vi\u1ec7c c\u1ea3i ti\u1ebfn v\u00e0 t\u1ed1i \u01b0u h\u00f3a li\u00ean t\u1ee5c, thi\u1ebft b\u1ecb tr\u1edf n\u00ean <strong>th\u00e2n thi\u1ec7n v\u1edbi ng\u01b0\u1eddi d\u00f9ng, d\u1ec5 d\u00e0ng v\u00e0 thu\u1eadn ti\u1ec7n h\u01a1n \u0111\u1ec3 v\u1eadn h\u00e0nh<\/strong>.<\/p><p>\u0110\u1ed3ng th\u1eddi, n\u1ebfu b\u1ea1n c\u00f3 b\u1ea5t k\u1ef3 v\u1ea5n \u0111\u1ec1 g\u00ec v\u1ec1 thi\u1ebft b\u1ecb, k\u1ef9 thu\u1eadt, ch\u00fang t\u00f4i c\u0169ng s\u1ebd c\u00f3 chuy\u00ean gia h\u1ed7 tr\u1ee3 b\u1ea1n.<\/p>\t\t\t\t\t\t\t\t<\/div> \t\t\t\t\t<\/div> \t\t<\/div> \t\t\t\t\t<\/div> \t\t<\/section> \t\t\t\t\t<\/div> \t\t<\/div> \t\t\t\t\t<\/div> \t\t<\/section> \t\t\t\t<\/div>","protected":false},"excerpt":{"rendered":"<p>About Shuliy Howdy! We are a dedicated, friendly team of professionals delivering the best products &amp; experiences. Why choose us Because we not only provide customers with cost-effective products, but also provide first-class service support and solutions.In recent years, our products have been exported to Arabia, India, Russia, Mongolia, Central Asia, Africa and other countries [&hellip;]<\/p>\n","protected":false},"author":1,"featured_media":0,"parent":0,"menu_order":0,"comment_status":"closed","ping_status":"closed","template":"","meta":{"_crdt_document":"","footnotes":""},"class_list":["post-9","page","type-page","status-publish","hentry"],"_links":{"self":[{"href":"https:\/\/fiberrecycling.com\/vi\/wp-json\/wp\/v2\/pages\/9","targetHints":{"allow":["GET"]}}],"collection":[{"href":"https:\/\/fiberrecycling.com\/vi\/wp-json\/wp\/v2\/pages"}],"about":[{"href":"https:\/\/fiberrecycling.com\/vi\/wp-json\/wp\/v2\/types\/page"}],"author":[{"embeddable":true,"href":"https:\/\/fiberrecycling.com\/vi\/wp-json\/wp\/v2\/users\/1"}],"replies":[{"embeddable":true,"href":"https:\/\/fiberrecycling.com\/vi\/wp-json\/wp\/v2\/comments?post=9"}],"version-history":[{"count":0,"href":"https:\/\/fiberrecycling.com\/vi\/wp-json\/wp\/v2\/pages\/9\/revisions"}],"wp:attachment":[{"href":"https:\/\/fiberrecycling.com\/vi\/wp-json\/wp\/v2\/media?parent=9"}],"curies":[{"name":"wp","href":"https:\/\/api.w.org\/{rel}","templated":true}]}}